{"id":647,"date":"2024-10-02T14:04:09","date_gmt":"2024-10-02T14:04:09","guid":{"rendered":"https:\/\/metalcad.creare-siteweb.ro\/?page_id=647"},"modified":"2024-11-11T09:41:53","modified_gmt":"2024-11-11T09:41:53","slug":"consultanta-tehnica-fatade","status":"publish","type":"page","link":"https:\/\/metalcad.ro\/en\/consultanta-tehnica-fatade\/","title":{"rendered":"Consultan\u021b\u0103 tehnic\u0103 fa\u021bade"},"content":{"rendered":"<div data-elementor-type=\"wp-page\" data-elementor-id=\"647\" class=\"elementor elementor-647\" data-elementor-post-type=\"page\">\n\t\t\t\t<div class=\"elementor-element elementor-element-9408414 e-flex e-con-boxed e-con e-parent\" data-id=\"9408414\" data-element_type=\"container\" data-settings=\"{&quot;background_background&quot;:&quot;classic&quot;,&quot;_ob_use_container_extras&quot;:&quot;no&quot;,&quot;_ob_column_hoveranimator&quot;:&quot;no&quot;,&quot;_ob_glider_is_slider&quot;:&quot;no&quot;,&quot;_ob_column_has_pseudo&quot;:&quot;no&quot;}\">\n\t\t\t\t\t<div class=\"e-con-inner\">\n\t\t\t\t<div class=\"elementor-element elementor-element-3d88c80 ob-harakiri-inherit ob-has-background-overlay elementor-widget elementor-widget-heading\" data-id=\"3d88c80\" data-element_type=\"widget\" data-settings=\"{&quot;_ob_use_harakiri&quot;:&quot;yes&quot;,&quot;_ob_harakiri_writing_mode&quot;:&quot;inherit&quot;,&quot;_ob_harakiri_text_clip&quot;:&quot;none&quot;,&quot;_ob_perspektive_use&quot;:&quot;no&quot;,&quot;_ob_poopart_use&quot;:&quot;yes&quot;,&quot;_ob_shadough_use&quot;:&quot;no&quot;,&quot;_ob_allow_hoveranimator&quot;:&quot;no&quot;,&quot;_ob_widget_stalker_use&quot;:&quot;no&quot;}\" data-widget_type=\"heading.default\">\n\t\t\t\t<div class=\"elementor-widget-container\">\n\t\t\t<h1 class=\"elementor-heading-title elementor-size-default\">Consultan\u021b\u0103 tehnic\u0103 fa\u021bade (faz\u0103 proiect: PTDE)<\/h1>\t\t<\/div>\n\t\t\t\t<\/div>\n\t\t\t\t<div class=\"elementor-element elementor-element-a8ca67b elementor-widget__width-initial elementor-widget-tablet__width-inherit elementor-widget-mobile__width-inherit ob-harakiri-inherit ob-has-background-overlay elementor-widget elementor-widget-text-editor\" data-id=\"a8ca67b\" data-element_type=\"widget\" data-settings=\"{&quot;_ob_use_harakiri&quot;:&quot;yes&quot;,&quot;_ob_harakiri_writing_mode&quot;:&quot;inherit&quot;,&quot;_ob_postman_use&quot;:&quot;no&quot;,&quot;_ob_perspektive_use&quot;:&quot;no&quot;,&quot;_ob_poopart_use&quot;:&quot;yes&quot;,&quot;_ob_shadough_use&quot;:&quot;no&quot;,&quot;_ob_allow_hoveranimator&quot;:&quot;no&quot;,&quot;_ob_widget_stalker_use&quot;:&quot;no&quot;}\" data-widget_type=\"text-editor.default\">\n\t\t\t\t<div class=\"elementor-widget-container\">\n\t\t\t\t\t\t\t<p><strong>MetalCAD Design ofer\u0103 asisten\u021b\u0103 \u0219i consultan\u021b\u0103 pentru beneficiari\/dezvoltatori, antreprenori generali <\/strong>\u00een domeniul fa\u021badelor, servicii de project management fa\u021bade, verificarea calit\u0103\u021bii lucr\u0103rilor. Serviciile sunt necesare pentru realizarea corect\u0103 a investi\u021biilor, \u00eencep\u00e2nd de la faza de proiect p\u00e2n\u0103 la faza punerii \u00een func\u021biune a fa\u021badelor cl\u0103dirii.<br \/><br \/>Aceste servicii sunt asigurate de speciali\u0219ti experimenta\u021bi av\u00e2nd cursuri \u0219i diplome \u00een proiectarea \u0219i realizarea fa\u021badelor.<br \/><br \/>Urm\u0103rim \u00een general:<\/p><ul><li>reducerea termenului de realizare a investi\u021biei;<\/li><li>reducerea costurilor prin realizarea unui management performant al investi\u021biei;<\/li><li>folosirea de tehnologii adecvate, moderne care duc la diminu\u0103ri de costuri;<\/li><li>propunerea de solu\u021bii tehnice eficiente din punct de vedere al bugetului;<\/li><li>urm\u0103rirea atingerii unei calit\u0103\u021bi corespunz\u0103toare a lucr\u0103rilor.<\/li><\/ul>\t\t\t\t\t\t<\/div>\n\t\t\t\t<\/div>\n\t\t\t\t<div class=\"elementor-element elementor-element-c310741 elementor-widget__width-initial elementor-widget-tablet__width-inherit elementor-widget-mobile__width-inherit ob-harakiri-inherit ob-has-background-overlay elementor-widget elementor-widget-text-editor\" data-id=\"c310741\" data-element_type=\"widget\" data-settings=\"{&quot;_ob_use_harakiri&quot;:&quot;yes&quot;,&quot;_ob_harakiri_writing_mode&quot;:&quot;inherit&quot;,&quot;_ob_postman_use&quot;:&quot;no&quot;,&quot;_ob_perspektive_use&quot;:&quot;no&quot;,&quot;_ob_poopart_use&quot;:&quot;yes&quot;,&quot;_ob_shadough_use&quot;:&quot;no&quot;,&quot;_ob_allow_hoveranimator&quot;:&quot;no&quot;,&quot;_ob_widget_stalker_use&quot;:&quot;no&quot;}\" data-widget_type=\"text-editor.default\">\n\t\t\t\t<div class=\"elementor-widget-container\">\n\t\t\t\t\t\t\t<p><strong>MetalCAD Design ofer\u0103 servicii de consultan\u021b\u0103 tehnic\u0103 \u0219i suport tehnic la cele mai \u00eenalte niveluri calitative \u0219i de cuno\u0219tin\u021be.<\/strong><\/p>\t\t\t\t\t\t<\/div>\n\t\t\t\t<\/div>\n\t\t<div class=\"elementor-element elementor-element-c113e95 e-con-full e-flex e-con e-child\" data-id=\"c113e95\" data-element_type=\"container\" data-settings=\"{&quot;_ob_use_container_extras&quot;:&quot;no&quot;,&quot;_ob_column_hoveranimator&quot;:&quot;no&quot;,&quot;_ob_glider_is_slider&quot;:&quot;no&quot;,&quot;_ob_column_has_pseudo&quot;:&quot;no&quot;}\">\n\t\t<div class=\"elementor-element elementor-element-3a2bf1e e-con-full e-flex e-con e-child\" data-id=\"3a2bf1e\" data-element_type=\"container\" data-settings=\"{&quot;background_background&quot;:&quot;classic&quot;,&quot;_ob_use_container_extras&quot;:&quot;no&quot;,&quot;_ob_column_hoveranimator&quot;:&quot;no&quot;,&quot;_ob_glider_is_slider&quot;:&quot;no&quot;,&quot;_ob_column_has_pseudo&quot;:&quot;no&quot;}\">\n\t\t\t\t<div class=\"elementor-element elementor-element-7cccdf0 ob-harakiri-inherit ob-has-background-overlay elementor-widget elementor-widget-heading\" data-id=\"7cccdf0\" data-element_type=\"widget\" data-settings=\"{&quot;_ob_use_harakiri&quot;:&quot;yes&quot;,&quot;_ob_harakiri_writing_mode&quot;:&quot;inherit&quot;,&quot;_ob_harakiri_text_clip&quot;:&quot;none&quot;,&quot;_ob_perspektive_use&quot;:&quot;no&quot;,&quot;_ob_poopart_use&quot;:&quot;yes&quot;,&quot;_ob_shadough_use&quot;:&quot;no&quot;,&quot;_ob_allow_hoveranimator&quot;:&quot;no&quot;,&quot;_ob_widget_stalker_use&quot;:&quot;no&quot;}\" data-widget_type=\"heading.default\">\n\t\t\t\t<div class=\"elementor-widget-container\">\n\t\t\t<h2 class=\"elementor-heading-title elementor-size-default\">Serviciile prestate de consultantul tehnic sunt, de obicei, urm\u0103toarele:<\/h2>\t\t<\/div>\n\t\t\t\t<\/div>\n\t\t\t\t<div class=\"elementor-element elementor-element-45a6e60 ob-harakiri-inherit ob-has-background-overlay elementor-widget elementor-widget-text-editor\" data-id=\"45a6e60\" data-element_type=\"widget\" data-settings=\"{&quot;_ob_use_harakiri&quot;:&quot;yes&quot;,&quot;_ob_harakiri_writing_mode&quot;:&quot;inherit&quot;,&quot;_ob_postman_use&quot;:&quot;no&quot;,&quot;_ob_perspektive_use&quot;:&quot;no&quot;,&quot;_ob_poopart_use&quot;:&quot;yes&quot;,&quot;_ob_shadough_use&quot;:&quot;no&quot;,&quot;_ob_allow_hoveranimator&quot;:&quot;no&quot;,&quot;_ob_widget_stalker_use&quot;:&quot;no&quot;}\" data-widget_type=\"text-editor.default\">\n\t\t\t\t<div class=\"elementor-widget-container\">\n\t\t\t\t\t\t\t<ul><li>Asigurarea asisten\u021bei \u00een vederea preg\u0103tirii \u0219i organiz\u0103rii licita\u021biilor de achizi\u021bie \u00een domeniul fa\u021badelor.<\/li><li>Coordonarea executan\u021bilor de fa\u021bade \u00een vederea finaliz\u0103rii lucr\u0103rilor conform programelor stabilite cu beneficiarul investi\u021biei.<\/li><li>Realizare Caiet de Sarcini \u2013 specialitatea FA\u021aADE.<\/li><li>Verificarea cantit\u0103\u021bilor de lucr\u0103ri executate \u0219i a situa\u021biilor de lucr\u0103ri \u00een vederea efectu\u0103rii pl\u0103\u021bilor aferente.<\/li><li>Asigurarea leg\u0103turii \u00eentre proiectare, executan\u021bi \u0219i beneficiar \u00een scopul rezolv\u0103rii operative a problemelor ap\u0103rute.<\/li><li>Asigurarea asisten\u021bei \u00een vederea \u00eentocmirii c\u0103r\u021bii tehnice a construc\u021biei.<\/li><li>Urm\u0103rirea realiz\u0103rii construc\u021biilor \u00een conformitate cu prevederile contractului, proiectului tehnic, caietelor de sarcini \u0219i reglement\u0103rilor tehnice.<\/li><li>Verificarea respect\u0103rii tehnologiilor de execu\u021bie \u00een vederea asigur\u0103rii nivelului calitativ prev\u0103zut \u00een proiect \u0219i \u00een normele tehnice \u00een vigoare.<\/li><li>Verificarea respect\u0103rii legisla\u021biei cu privire la materialele utilizate, existen\u021ba documentelor de atestare a calit\u0103\u021bii acestora: certificate de conformitate, evaluarea calit\u0103\u021bii acestora cu prevederile din certificate, contracte, proiecte.<\/li><li>Participarea la fazele determinante \u0219i la recep\u021bia lucr\u0103rilor.<\/li><\/ul>\t\t\t\t\t\t<\/div>\n\t\t\t\t<\/div>\n\t\t\t\t<\/div>\n\t\t<div class=\"elementor-element elementor-element-f491f7c e-con-full e-flex e-con e-child\" data-id=\"f491f7c\" data-element_type=\"container\" data-settings=\"{&quot;background_background&quot;:&quot;classic&quot;,&quot;_ob_use_container_extras&quot;:&quot;no&quot;,&quot;_ob_column_hoveranimator&quot;:&quot;no&quot;,&quot;_ob_glider_is_slider&quot;:&quot;no&quot;,&quot;_ob_column_has_pseudo&quot;:&quot;no&quot;}\">\n\t\t\t\t<div class=\"elementor-element elementor-element-0a2452b ob-harakiri-inherit ob-has-background-overlay elementor-widget elementor-widget-heading\" data-id=\"0a2452b\" data-element_type=\"widget\" data-settings=\"{&quot;_ob_use_harakiri&quot;:&quot;yes&quot;,&quot;_ob_harakiri_writing_mode&quot;:&quot;inherit&quot;,&quot;_ob_harakiri_text_clip&quot;:&quot;none&quot;,&quot;_ob_perspektive_use&quot;:&quot;no&quot;,&quot;_ob_poopart_use&quot;:&quot;yes&quot;,&quot;_ob_shadough_use&quot;:&quot;no&quot;,&quot;_ob_allow_hoveranimator&quot;:&quot;no&quot;,&quot;_ob_widget_stalker_use&quot;:&quot;no&quot;}\" data-widget_type=\"heading.default\">\n\t\t\t\t<div class=\"elementor-widget-container\">\n\t\t\t<h2 class=\"elementor-heading-title elementor-size-default\">Consultan\u021b\u0103 fa\u021bade<\/h2>\t\t<\/div>\n\t\t\t\t<\/div>\n\t\t\t\t<div class=\"elementor-element elementor-element-963688d ob-harakiri-inherit ob-has-background-overlay elementor-widget elementor-widget-text-editor\" data-id=\"963688d\" data-element_type=\"widget\" data-settings=\"{&quot;_ob_use_harakiri&quot;:&quot;yes&quot;,&quot;_ob_harakiri_writing_mode&quot;:&quot;inherit&quot;,&quot;_ob_postman_use&quot;:&quot;no&quot;,&quot;_ob_perspektive_use&quot;:&quot;no&quot;,&quot;_ob_poopart_use&quot;:&quot;yes&quot;,&quot;_ob_shadough_use&quot;:&quot;no&quot;,&quot;_ob_allow_hoveranimator&quot;:&quot;no&quot;,&quot;_ob_widget_stalker_use&quot;:&quot;no&quot;}\" data-widget_type=\"text-editor.default\">\n\t\t\t\t<div class=\"elementor-widget-container\">\n\t\t\t\t\t\t\t<ul><li>Concept \u0219i design detaliat<\/li><li>Strategie de achizi\u021bii \u0219i consiliere\/evalu\u0103ri pentru licita\u021bii<\/li><li>Evalu\u0103ri de proiectare ale subcontractan\u021bilor<\/li><li>Sfaturi materiale<\/li><li>Analize de risc termic \u0219i de condens<\/li><li>Specifica\u021bii ale performan\u021bei<\/li><li>Evalu\u0103ri de testare a performan\u021bei<\/li><li>Evalu\u0103ri de produc\u021bie \u0219i instalare<\/li><\/ul>\t\t\t\t\t\t<\/div>\n\t\t\t\t<\/div>\n\t\t\t\t<\/div>\n\t\t\t\t<\/div>\n\t\t\t\t\t<\/div>\n\t\t\t\t<\/div>\n\t\t\t\t<\/div>","protected":false},"excerpt":{"rendered":"<p>Consultan\u021b\u0103 tehnic\u0103 fa\u021bade (faz\u0103 proiect: PTDE) MetalCAD Design ofer\u0103 asisten\u021b\u0103 \u0219i consultan\u021b\u0103 pentru beneficiari\/dezvoltatori, antreprenori generali \u00een domeniul fa\u021badelor, servicii [&hellip;]<\/p>","protected":false},"author":1,"featured_media":0,"parent":0,"menu_order":0,"comment_status":"closed","ping_status":"closed","template":"","meta":{"_acf_changed":false,"site-sidebar-layout":"no-sidebar","site-content-layout":"","ast-site-content-layout":"full-width-container","site-content-style":"default","site-sidebar-style":"default","ast-global-header-display":"","ast-banner-title-visibility":"","ast-main-header-display":"","ast-hfb-above-header-display":"","ast-hfb-below-header-display":"","ast-hfb-mobile-header-display":"","site-post-title":"disabled","ast-breadcrumbs-content":"","ast-featured-img":"disabled","footer-sml-layout":"","theme-transparent-header-meta":"","adv-header-id-meta":"","stick-header-meta":"","header-above-stick-meta":"","header-main-stick-meta":"","header-below-stick-meta":"","astra-migrate-meta-layouts":"default","ast-page-background-enabled":"default","ast-page-background-meta":{"desktop":{"background-color":"var(--ast-global-color-4)","background-image":"","background-repeat":"repeat","background-position":"center center","background-size":"auto","background-attachment":"scroll","background-type":"","background-media":"","overlay-type":"","overlay-color":"","overlay-opacity":"","overlay-gradient":""},"tablet":{"background-color":"","background-image":"","background-repeat":"repeat","background-position":"center center","background-size":"auto","background-attachment":"scroll","background-type":"","background-media":"","overlay-type":"","overlay-color":"","overlay-opacity":"","overlay-gradient":""},"mobile":{"background-color":"","background-image":"","background-repeat":"repeat","background-position":"center center","background-size":"auto","background-attachment":"scroll","background-type":"","background-media":"","overlay-type":"","overlay-color":"","overlay-opacity":"","overlay-gradient":""}},"ast-content-background-meta":{"desktop":{"background-color":"var(--ast-global-color-5)","background-image":"","background-repeat":"repeat","background-position":"center center","background-size":"auto","background-attachment":"scroll","background-type":"","background-media":"","overlay-type":"","overlay-color":"","overlay-opacity":"","overlay-gradient":""},"tablet":{"background-color":"var(--ast-global-color-5)","background-image":"","background-repeat":"repeat","background-position":"center center","background-size":"auto","background-attachment":"scroll","background-type":"","background-media":"","overlay-type":"","overlay-color":"","overlay-opacity":"","overlay-gradient":""},"mobile":{"background-color":"var(--ast-global-color-5)","background-image":"","background-repeat":"repeat","background-position":"center center","background-size":"auto","background-attachment":"scroll","background-type":"","background-media":"","overlay-type":"","overlay-color":"","overlay-opacity":"","overlay-gradient":""}},"footnotes":""},"class_list":["post-647","page","type-page","status-publish","hentry"],"acf":[],"yoast_head":"<!-- This site is optimized with the Yoast SEO plugin v23.7 - https:\/\/yoast.com\/wordpress\/plugins\/seo\/ -->\n<title>MetalCAD Design - Consultan\u021b\u0103 fa\u021bade<\/title>\n<meta name=\"description\" content=\"MetalCAD Design ofer\u0103 asisten\u021b\u0103 \u0219i consultan\u021b\u0103 fa\u021bade, servicii de project management fa\u021bade, verificarea calit\u0103\u021bii lucr\u0103rilor.\" \/>\n<meta name=\"robots\" content=\"index, follow, max-snippet:-1, max-image-preview:large, max-video-preview:-1\" \/>\n<link rel=\"canonical\" href=\"https:\/\/metalcad.ro\/en\/consultanta-tehnica-fatade\/\" \/>\n<meta property=\"og:locale\" content=\"en_US\" \/>\n<meta property=\"og:type\" content=\"article\" \/>\n<meta property=\"og:title\" content=\"MetalCAD Design - Consultan\u021b\u0103 fa\u021bade\" \/>\n<meta property=\"og:description\" content=\"MetalCAD Design ofer\u0103 asisten\u021b\u0103 \u0219i consultan\u021b\u0103 fa\u021bade, servicii de project management fa\u021bade, verificarea calit\u0103\u021bii lucr\u0103rilor.\" \/>\n<meta property=\"og:url\" content=\"https:\/\/metalcad.ro\/en\/consultanta-tehnica-fatade\/\" \/>\n<meta property=\"og:site_name\" content=\"MetalCAD Design\" \/>\n<meta property=\"article:modified_time\" content=\"2024-11-11T09:41:53+00:00\" \/>\n<meta name=\"twitter:card\" content=\"summary_large_image\" \/>\n<meta name=\"twitter:label1\" content=\"Est. reading time\" \/>\n\t<meta name=\"twitter:data1\" content=\"2 minutes\" \/>\n<script type=\"application\/ld+json\" class=\"yoast-schema-graph\">{\"@context\":\"https:\/\/schema.org\",\"@graph\":[{\"@type\":\"WebPage\",\"@id\":\"https:\/\/metalcad.ro\/consultanta-tehnica-fatade\/\",\"url\":\"https:\/\/metalcad.ro\/consultanta-tehnica-fatade\/\",\"name\":\"MetalCAD Design - Consultan\u021b\u0103 fa\u021bade\",\"isPartOf\":{\"@id\":\"https:\/\/metalcad.ro\/#website\"},\"datePublished\":\"2024-10-02T14:04:09+00:00\",\"dateModified\":\"2024-11-11T09:41:53+00:00\",\"description\":\"MetalCAD Design ofer\u0103 asisten\u021b\u0103 \u0219i consultan\u021b\u0103 fa\u021bade, servicii de project management fa\u021bade, verificarea calit\u0103\u021bii lucr\u0103rilor.\",\"breadcrumb\":{\"@id\":\"https:\/\/metalcad.ro\/consultanta-tehnica-fatade\/#breadcrumb\"},\"inLanguage\":\"en-US\",\"potentialAction\":[{\"@type\":\"ReadAction\",\"target\":[\"https:\/\/metalcad.ro\/consultanta-tehnica-fatade\/\"]}]},{\"@type\":\"BreadcrumbList\",\"@id\":\"https:\/\/metalcad.ro\/consultanta-tehnica-fatade\/#breadcrumb\",\"itemListElement\":[{\"@type\":\"ListItem\",\"position\":1,\"name\":\"Prima pagin\u0103\",\"item\":\"https:\/\/metalcad.ro\/\"},{\"@type\":\"ListItem\",\"position\":2,\"name\":\"Consultan\u021b\u0103 tehnic\u0103 fa\u021bade\"}]},{\"@type\":\"WebSite\",\"@id\":\"https:\/\/metalcad.ro\/#website\",\"url\":\"https:\/\/metalcad.ro\/\",\"name\":\"MetalCAD Design\",\"description\":\"Birou Proiectare Fa\u021bade\",\"publisher\":{\"@id\":\"https:\/\/metalcad.ro\/#organization\"},\"potentialAction\":[{\"@type\":\"SearchAction\",\"target\":{\"@type\":\"EntryPoint\",\"urlTemplate\":\"https:\/\/metalcad.ro\/?s={search_term_string}\"},\"query-input\":{\"@type\":\"PropertyValueSpecification\",\"valueRequired\":true,\"valueName\":\"search_term_string\"}}],\"inLanguage\":\"en-US\"},{\"@type\":\"Organization\",\"@id\":\"https:\/\/metalcad.ro\/#organization\",\"name\":\"MetalCAD Design\",\"url\":\"https:\/\/metalcad.ro\/\",\"logo\":{\"@type\":\"ImageObject\",\"inLanguage\":\"en-US\",\"@id\":\"https:\/\/metalcad.ro\/#\/schema\/logo\/image\/\",\"url\":\"https:\/\/metalcad.ro\/wp-content\/uploads\/2024\/10\/metalcad-high-resolution-logo-color-on-transparent-background-66x74-2.png\",\"contentUrl\":\"https:\/\/metalcad.ro\/wp-content\/uploads\/2024\/10\/metalcad-high-resolution-logo-color-on-transparent-background-66x74-2.png\",\"width\":66,\"height\":63,\"caption\":\"MetalCAD Design\"},\"image\":{\"@id\":\"https:\/\/metalcad.ro\/#\/schema\/logo\/image\/\"}}]}<\/script>\n<!-- \/ Yoast SEO plugin. -->","yoast_head_json":{"title":"MetalCAD Design - Consultan\u021b\u0103 fa\u021bade","description":"MetalCAD Design ofer\u0103 asisten\u021b\u0103 \u0219i consultan\u021b\u0103 fa\u021bade, servicii de project management fa\u021bade, verificarea calit\u0103\u021bii lucr\u0103rilor.","robots":{"index":"index","follow":"follow","max-snippet":"max-snippet:-1","max-image-preview":"max-image-preview:large","max-video-preview":"max-video-preview:-1"},"canonical":"https:\/\/metalcad.ro\/en\/consultanta-tehnica-fatade\/","og_locale":"en_US","og_type":"article","og_title":"MetalCAD Design - Consultan\u021b\u0103 fa\u021bade","og_description":"MetalCAD Design ofer\u0103 asisten\u021b\u0103 \u0219i consultan\u021b\u0103 fa\u021bade, servicii de project management fa\u021bade, verificarea calit\u0103\u021bii lucr\u0103rilor.","og_url":"https:\/\/metalcad.ro\/en\/consultanta-tehnica-fatade\/","og_site_name":"MetalCAD Design","article_modified_time":"2024-11-11T09:41:53+00:00","twitter_card":"summary_large_image","twitter_misc":{"Est. reading time":"2 minutes"},"schema":{"@context":"https:\/\/schema.org","@graph":[{"@type":"WebPage","@id":"https:\/\/metalcad.ro\/consultanta-tehnica-fatade\/","url":"https:\/\/metalcad.ro\/consultanta-tehnica-fatade\/","name":"MetalCAD Design - Consultan\u021b\u0103 fa\u021bade","isPartOf":{"@id":"https:\/\/metalcad.ro\/#website"},"datePublished":"2024-10-02T14:04:09+00:00","dateModified":"2024-11-11T09:41:53+00:00","description":"MetalCAD Design ofer\u0103 asisten\u021b\u0103 \u0219i consultan\u021b\u0103 fa\u021bade, servicii de project management fa\u021bade, verificarea calit\u0103\u021bii lucr\u0103rilor.","breadcrumb":{"@id":"https:\/\/metalcad.ro\/consultanta-tehnica-fatade\/#breadcrumb"},"inLanguage":"en-US","potentialAction":[{"@type":"ReadAction","target":["https:\/\/metalcad.ro\/consultanta-tehnica-fatade\/"]}]},{"@type":"BreadcrumbList","@id":"https:\/\/metalcad.ro\/consultanta-tehnica-fatade\/#breadcrumb","itemListElement":[{"@type":"ListItem","position":1,"name":"Prima pagin\u0103","item":"https:\/\/metalcad.ro\/"},{"@type":"ListItem","position":2,"name":"Consultan\u021b\u0103 tehnic\u0103 fa\u021bade"}]},{"@type":"WebSite","@id":"https:\/\/metalcad.ro\/#website","url":"https:\/\/metalcad.ro\/","name":"MetalCAD Design","description":"Birou Proiectare Fa\u021bade","publisher":{"@id":"https:\/\/metalcad.ro\/#organization"},"potentialAction":[{"@type":"SearchAction","target":{"@type":"EntryPoint","urlTemplate":"https:\/\/metalcad.ro\/?s={search_term_string}"},"query-input":{"@type":"PropertyValueSpecification","valueRequired":true,"valueName":"search_term_string"}}],"inLanguage":"en-US"},{"@type":"Organization","@id":"https:\/\/metalcad.ro\/#organization","name":"MetalCAD Design","url":"https:\/\/metalcad.ro\/","logo":{"@type":"ImageObject","inLanguage":"en-US","@id":"https:\/\/metalcad.ro\/#\/schema\/logo\/image\/","url":"https:\/\/metalcad.ro\/wp-content\/uploads\/2024\/10\/metalcad-high-resolution-logo-color-on-transparent-background-66x74-2.png","contentUrl":"https:\/\/metalcad.ro\/wp-content\/uploads\/2024\/10\/metalcad-high-resolution-logo-color-on-transparent-background-66x74-2.png","width":66,"height":63,"caption":"MetalCAD Design"},"image":{"@id":"https:\/\/metalcad.ro\/#\/schema\/logo\/image\/"}}]}},"_links":{"self":[{"href":"https:\/\/metalcad.ro\/en\/wp-json\/wp\/v2\/pages\/647","targetHints":{"allow":["GET"]}}],"collection":[{"href":"https:\/\/metalcad.ro\/en\/wp-json\/wp\/v2\/pages"}],"about":[{"href":"https:\/\/metalcad.ro\/en\/wp-json\/wp\/v2\/types\/page"}],"author":[{"embeddable":true,"href":"https:\/\/metalcad.ro\/en\/wp-json\/wp\/v2\/users\/1"}],"replies":[{"embeddable":true,"href":"https:\/\/metalcad.ro\/en\/wp-json\/wp\/v2\/comments?post=647"}],"version-history":[{"count":19,"href":"https:\/\/metalcad.ro\/en\/wp-json\/wp\/v2\/pages\/647\/revisions"}],"predecessor-version":[{"id":960,"href":"https:\/\/metalcad.ro\/en\/wp-json\/wp\/v2\/pages\/647\/revisions\/960"}],"wp:attachment":[{"href":"https:\/\/metalcad.ro\/en\/wp-json\/wp\/v2\/media?parent=647"}],"curies":[{"name":"wp","href":"https:\/\/api.w.org\/{rel}","templated":true}]}}