{"id":972,"date":"2024-11-14T06:41:23","date_gmt":"2024-11-14T06:41:23","guid":{"rendered":"https:\/\/metalcad.ro\/?page_id=972"},"modified":"2024-11-14T06:53:13","modified_gmt":"2024-11-14T06:53:13","slug":"proiectare-pereti-cortina","status":"publish","type":"page","link":"https:\/\/metalcad.ro\/en\/proiectare-pereti-cortina\/","title":{"rendered":"Proiectare pere\u021bi cortin\u0103"},"content":{"rendered":"<div data-elementor-type=\"wp-page\" data-elementor-id=\"972\" class=\"elementor elementor-972\" data-elementor-post-type=\"page\">\n\t\t\t\t<div class=\"elementor-element elementor-element-9408414 e-flex e-con-boxed e-con e-parent\" data-id=\"9408414\" data-element_type=\"container\" data-settings=\"{&quot;background_background&quot;:&quot;classic&quot;,&quot;_ob_use_container_extras&quot;:&quot;no&quot;,&quot;_ob_column_hoveranimator&quot;:&quot;no&quot;,&quot;_ob_glider_is_slider&quot;:&quot;no&quot;,&quot;_ob_column_has_pseudo&quot;:&quot;no&quot;}\">\n\t\t\t\t\t<div class=\"e-con-inner\">\n\t\t\t\t<div class=\"elementor-element elementor-element-3d88c80 ob-harakiri-inherit ob-has-background-overlay elementor-widget elementor-widget-heading\" data-id=\"3d88c80\" data-element_type=\"widget\" data-settings=\"{&quot;_ob_use_harakiri&quot;:&quot;yes&quot;,&quot;_ob_harakiri_writing_mode&quot;:&quot;inherit&quot;,&quot;_ob_harakiri_text_clip&quot;:&quot;none&quot;,&quot;_ob_perspektive_use&quot;:&quot;no&quot;,&quot;_ob_poopart_use&quot;:&quot;yes&quot;,&quot;_ob_shadough_use&quot;:&quot;no&quot;,&quot;_ob_allow_hoveranimator&quot;:&quot;no&quot;,&quot;_ob_widget_stalker_use&quot;:&quot;no&quot;}\" data-widget_type=\"heading.default\">\n\t\t\t\t<div class=\"elementor-widget-container\">\n\t\t\t<h1 class=\"elementor-heading-title elementor-size-default\">Proiectare Pere\u021bi Cortin\u0103 \u2013 Solu\u021bii Profesionale pentru Fa\u021bade Moderne<\/h1>\t\t<\/div>\n\t\t\t\t<\/div>\n\t\t\t\t<div class=\"elementor-element elementor-element-72fc68e ob-harakiri-inherit ob-has-background-overlay elementor-widget elementor-widget-heading\" data-id=\"72fc68e\" data-element_type=\"widget\" data-settings=\"{&quot;_ob_use_harakiri&quot;:&quot;yes&quot;,&quot;_ob_harakiri_writing_mode&quot;:&quot;inherit&quot;,&quot;_ob_harakiri_text_clip&quot;:&quot;none&quot;,&quot;_ob_perspektive_use&quot;:&quot;no&quot;,&quot;_ob_poopart_use&quot;:&quot;yes&quot;,&quot;_ob_shadough_use&quot;:&quot;no&quot;,&quot;_ob_allow_hoveranimator&quot;:&quot;no&quot;,&quot;_ob_widget_stalker_use&quot;:&quot;no&quot;}\" data-widget_type=\"heading.default\">\n\t\t\t\t<div class=\"elementor-widget-container\">\n\t\t\t<h2 class=\"elementor-heading-title elementor-size-default\">Expertiz\u0103 \u00een Proiectarea de Pere\u021bi Cortin\u0103 pentru Construc\u021bii Durabile \u0219i Eficiente Energetic<\/h2>\t\t<\/div>\n\t\t\t\t<\/div>\n\t\t\t\t<div class=\"elementor-element elementor-element-a8ca67b elementor-widget__width-initial elementor-widget-tablet__width-inherit elementor-widget-mobile__width-inherit ob-harakiri-inherit ob-has-background-overlay elementor-widget elementor-widget-text-editor\" data-id=\"a8ca67b\" data-element_type=\"widget\" data-settings=\"{&quot;_ob_use_harakiri&quot;:&quot;yes&quot;,&quot;_ob_harakiri_writing_mode&quot;:&quot;inherit&quot;,&quot;_ob_postman_use&quot;:&quot;no&quot;,&quot;_ob_perspektive_use&quot;:&quot;no&quot;,&quot;_ob_poopart_use&quot;:&quot;yes&quot;,&quot;_ob_shadough_use&quot;:&quot;no&quot;,&quot;_ob_allow_hoveranimator&quot;:&quot;no&quot;,&quot;_ob_widget_stalker_use&quot;:&quot;no&quot;}\" data-widget_type=\"text-editor.default\">\n\t\t\t\t<div class=\"elementor-widget-container\">\n\t\t\t\t\t\t\t<p>Proiectarea pere\u021bilor cortin\u0103 este un pas esen\u021bial \u00een realizarea unor fa\u021bade moderne, eficiente \u0219i durabile. Echipa noastr\u0103 de speciali\u0219ti \u00een fa\u021bade ofer\u0103 solu\u021bii inovatoare, care combin\u0103 materiale de calitate cu un design sofisticat, adaptat specifica\u021biilor fiec\u0103rei construc\u021bii. Ne asigur\u0103m c\u0103 pere\u021bii cortin\u0103 \u00eendeplinesc toate cerin\u021bele func\u021bionale \u0219i estetice, oferind protec\u021bie \u00eempotriva factorilor de mediu \u0219i reduc\u00e2nd costurile energetice.<\/p>\t\t\t\t\t\t<\/div>\n\t\t\t\t<\/div>\n\t\t<div class=\"elementor-element elementor-element-c113e95 e-con-full e-flex e-con e-child\" data-id=\"c113e95\" data-element_type=\"container\" data-settings=\"{&quot;_ob_use_container_extras&quot;:&quot;no&quot;,&quot;_ob_column_hoveranimator&quot;:&quot;no&quot;,&quot;_ob_glider_is_slider&quot;:&quot;no&quot;,&quot;_ob_column_has_pseudo&quot;:&quot;no&quot;}\">\n\t\t<div class=\"elementor-element elementor-element-3a2bf1e e-con-full e-flex e-con e-child\" data-id=\"3a2bf1e\" data-element_type=\"container\" data-settings=\"{&quot;background_background&quot;:&quot;classic&quot;,&quot;_ob_use_container_extras&quot;:&quot;no&quot;,&quot;_ob_column_hoveranimator&quot;:&quot;no&quot;,&quot;_ob_glider_is_slider&quot;:&quot;no&quot;,&quot;_ob_column_has_pseudo&quot;:&quot;no&quot;}\">\n\t\t\t\t<div class=\"elementor-element elementor-element-7cccdf0 ob-harakiri-inherit ob-has-background-overlay elementor-widget elementor-widget-heading\" data-id=\"7cccdf0\" data-element_type=\"widget\" data-settings=\"{&quot;_ob_use_harakiri&quot;:&quot;yes&quot;,&quot;_ob_harakiri_writing_mode&quot;:&quot;inherit&quot;,&quot;_ob_harakiri_text_clip&quot;:&quot;none&quot;,&quot;_ob_perspektive_use&quot;:&quot;no&quot;,&quot;_ob_poopart_use&quot;:&quot;yes&quot;,&quot;_ob_shadough_use&quot;:&quot;no&quot;,&quot;_ob_allow_hoveranimator&quot;:&quot;no&quot;,&quot;_ob_widget_stalker_use&quot;:&quot;no&quot;}\" data-widget_type=\"heading.default\">\n\t\t\t\t<div class=\"elementor-widget-container\">\n\t\t\t<h2 class=\"elementor-heading-title elementor-size-default\">De ce s\u0103 Alege\u021bi Serviciile Noastre de Proiectare Pere\u021bi Cortin\u0103?<\/h2>\t\t<\/div>\n\t\t\t\t<\/div>\n\t\t\t\t<div class=\"elementor-element elementor-element-45a6e60 ob-harakiri-inherit ob-has-background-overlay elementor-widget elementor-widget-text-editor\" data-id=\"45a6e60\" data-element_type=\"widget\" data-settings=\"{&quot;_ob_use_harakiri&quot;:&quot;yes&quot;,&quot;_ob_harakiri_writing_mode&quot;:&quot;inherit&quot;,&quot;_ob_postman_use&quot;:&quot;no&quot;,&quot;_ob_perspektive_use&quot;:&quot;no&quot;,&quot;_ob_poopart_use&quot;:&quot;yes&quot;,&quot;_ob_shadough_use&quot;:&quot;no&quot;,&quot;_ob_allow_hoveranimator&quot;:&quot;no&quot;,&quot;_ob_widget_stalker_use&quot;:&quot;no&quot;}\" data-widget_type=\"text-editor.default\">\n\t\t\t\t<div class=\"elementor-widget-container\">\n\t\t\t\t\t\t\t<p>Opt\u00e2nd pentru serviciile noastre, beneficia\u021bi de:<\/p><ul><li><strong>Consultan\u021b\u0103 personalizat\u0103<\/strong> \u2013 Evalu\u0103m cerin\u021bele proiectului dvs. pentru a crea o structur\u0103 de pere\u021bi cortin\u0103 adecvat\u0103.<\/li><li><strong>Tehnologie de ultim\u0103 genera\u021bie<\/strong> \u2013 Folosim software avansat pentru simularea \u0219i optimizarea structurii fa\u021badei.<\/li><li><strong>Eficien\u021b\u0103 energetic\u0103 \u0219i sustenabilitate<\/strong> \u2013 Pere\u021bii cortin\u0103 proiecta\u021bi de noi sunt eficien\u021bi din punct de vedere termic \u0219i reduc consumul de energie.<\/li><li><strong>Conformitate cu reglement\u0103rile<\/strong> \u2013 Ne asigur\u0103m c\u0103 proiectele noastre respect\u0103 toate standardele \u0219i normele legale de siguran\u021b\u0103 \u0219i performan\u021b\u0103.<\/li><\/ul>\t\t\t\t\t\t<\/div>\n\t\t\t\t<\/div>\n\t\t\t\t<\/div>\n\t\t<div class=\"elementor-element elementor-element-f491f7c e-con-full e-flex e-con e-child\" data-id=\"f491f7c\" data-element_type=\"container\" data-settings=\"{&quot;background_background&quot;:&quot;classic&quot;,&quot;_ob_use_container_extras&quot;:&quot;no&quot;,&quot;_ob_column_hoveranimator&quot;:&quot;no&quot;,&quot;_ob_glider_is_slider&quot;:&quot;no&quot;,&quot;_ob_column_has_pseudo&quot;:&quot;no&quot;}\">\n\t\t\t\t<div class=\"elementor-element elementor-element-0a2452b ob-harakiri-inherit ob-has-background-overlay elementor-widget elementor-widget-heading\" data-id=\"0a2452b\" data-element_type=\"widget\" data-settings=\"{&quot;_ob_use_harakiri&quot;:&quot;yes&quot;,&quot;_ob_harakiri_writing_mode&quot;:&quot;inherit&quot;,&quot;_ob_harakiri_text_clip&quot;:&quot;none&quot;,&quot;_ob_perspektive_use&quot;:&quot;no&quot;,&quot;_ob_poopart_use&quot;:&quot;yes&quot;,&quot;_ob_shadough_use&quot;:&quot;no&quot;,&quot;_ob_allow_hoveranimator&quot;:&quot;no&quot;,&quot;_ob_widget_stalker_use&quot;:&quot;no&quot;}\" data-widget_type=\"heading.default\">\n\t\t\t\t<div class=\"elementor-widget-container\">\n\t\t\t<h2 class=\"elementor-heading-title elementor-size-default\">Procesul nostru de Proiectare Pere\u021bi Cortin\u0103<\/h2>\t\t<\/div>\n\t\t\t\t<\/div>\n\t\t\t\t<div class=\"elementor-element elementor-element-963688d ob-harakiri-inherit ob-has-background-overlay elementor-widget elementor-widget-text-editor\" data-id=\"963688d\" data-element_type=\"widget\" data-settings=\"{&quot;_ob_use_harakiri&quot;:&quot;yes&quot;,&quot;_ob_harakiri_writing_mode&quot;:&quot;inherit&quot;,&quot;_ob_postman_use&quot;:&quot;no&quot;,&quot;_ob_perspektive_use&quot;:&quot;no&quot;,&quot;_ob_poopart_use&quot;:&quot;yes&quot;,&quot;_ob_shadough_use&quot;:&quot;no&quot;,&quot;_ob_allow_hoveranimator&quot;:&quot;no&quot;,&quot;_ob_widget_stalker_use&quot;:&quot;no&quot;}\" data-widget_type=\"text-editor.default\">\n\t\t\t\t<div class=\"elementor-widget-container\">\n\t\t\t\t\t\t\t<ul><li><strong>Analiza proiectului<\/strong> \u2013 Identific\u0103m cerin\u021bele estetice, structurale \u0219i de siguran\u021b\u0103 ale cl\u0103dirii.<\/li><li><strong>Propunerea solu\u021biilor optime<\/strong> \u2013 V\u0103 prezent\u0103m diferite op\u021biuni de pere\u021bi cortin\u0103, cu avantaje \u0219i dezavantaje pentru fiecare.<\/li><li><strong>Proiectarea \u0219i validarea solu\u021biei<\/strong> \u2013 Asigur\u0103m o execu\u021bie f\u0103r\u0103 compromisuri, colabor\u00e2nd \u00eendeaproape cu echipa de construc\u021bii.<\/li><\/ul>\t\t\t\t\t\t<\/div>\n\t\t\t\t<\/div>\n\t\t\t\t<\/div>\n\t\t\t\t<\/div>\n\t\t\t\t\t<\/div>\n\t\t\t\t<\/div>\n\t\t\t\t<\/div>","protected":false},"excerpt":{"rendered":"<p>Proiectare Pere\u021bi Cortin\u0103 \u2013 Solu\u021bii Profesionale pentru Fa\u021bade Moderne Expertiz\u0103 \u00een Proiectarea de Pere\u021bi Cortin\u0103 pentru Construc\u021bii Durabile \u0219i Eficiente [&hellip;]<\/p>","protected":false},"author":1,"featured_media":0,"parent":0,"menu_order":0,"comment_status":"closed","ping_status":"closed","template":"","meta":{"_acf_changed":false,"site-sidebar-layout":"no-sidebar","site-content-layout":"","ast-site-content-layout":"full-width-container","site-content-style":"default","site-sidebar-style":"default","ast-global-header-display":"","ast-banner-title-visibility":"","ast-main-header-display":"","ast-hfb-above-header-display":"","ast-hfb-below-header-display":"","ast-hfb-mobile-header-display":"","site-post-title":"disabled","ast-breadcrumbs-content":"","ast-featured-img":"disabled","footer-sml-layout":"","theme-transparent-header-meta":"","adv-header-id-meta":"","stick-header-meta":"","header-above-stick-meta":"","header-main-stick-meta":"","header-below-stick-meta":"","astra-migrate-meta-layouts":"default","ast-page-background-enabled":"default","ast-page-background-meta":{"desktop":{"background-color":"var(--ast-global-color-4)","background-image":"","background-repeat":"repeat","background-position":"center center","background-size":"auto","background-attachment":"scroll","background-type":"","background-media":"","overlay-type":"","overlay-color":"","overlay-opacity":"","overlay-gradient":""},"tablet":{"background-color":"","background-image":"","background-repeat":"repeat","background-position":"center center","background-size":"auto","background-attachment":"scroll","background-type":"","background-media":"","overlay-type":"","overlay-color":"","overlay-opacity":"","overlay-gradient":""},"mobile":{"background-color":"","background-image":"","background-repeat":"repeat","background-position":"center center","background-size":"auto","background-attachment":"scroll","background-type":"","background-media":"","overlay-type":"","overlay-color":"","overlay-opacity":"","overlay-gradient":""}},"ast-content-background-meta":{"desktop":{"background-color":"var(--ast-global-color-5)","background-image":"","background-repeat":"repeat","background-position":"center center","background-size":"auto","background-attachment":"scroll","background-type":"","background-media":"","overlay-type":"","overlay-color":"","overlay-opacity":"","overlay-gradient":""},"tablet":{"background-color":"var(--ast-global-color-5)","background-image":"","background-repeat":"repeat","background-position":"center center","background-size":"auto","background-attachment":"scroll","background-type":"","background-media":"","overlay-type":"","overlay-color":"","overlay-opacity":"","overlay-gradient":""},"mobile":{"background-color":"var(--ast-global-color-5)","background-image":"","background-repeat":"repeat","background-position":"center center","background-size":"auto","background-attachment":"scroll","background-type":"","background-media":"","overlay-type":"","overlay-color":"","overlay-opacity":"","overlay-gradient":""}},"footnotes":""},"class_list":["post-972","page","type-page","status-publish","hentry"],"acf":[],"yoast_head":"<!-- This site is optimized with the Yoast SEO plugin v23.7 - https:\/\/yoast.com\/wordpress\/plugins\/seo\/ -->\n<title>MetalCAD Design - Proiectare pere\u021bi cortin\u0103<\/title>\n<meta name=\"description\" content=\"Ob\u021bine\u021bi un design personalizat \u0219i eficient pentru fa\u021badele cl\u0103dirii dvs. cu serviciile noastre de proiectare pere\u021bi cortin\u0103.\" \/>\n<meta name=\"robots\" content=\"index, follow, max-snippet:-1, max-image-preview:large, max-video-preview:-1\" \/>\n<link rel=\"canonical\" href=\"https:\/\/metalcad.ro\/en\/proiectare-pereti-cortina\/\" \/>\n<meta property=\"og:locale\" content=\"en_US\" \/>\n<meta property=\"og:type\" content=\"article\" \/>\n<meta property=\"og:title\" content=\"MetalCAD Design - Proiectare pere\u021bi cortin\u0103\" \/>\n<meta property=\"og:description\" content=\"Ob\u021bine\u021bi un design personalizat \u0219i eficient pentru fa\u021badele cl\u0103dirii dvs. cu serviciile noastre de proiectare pere\u021bi cortin\u0103.\" \/>\n<meta property=\"og:url\" content=\"https:\/\/metalcad.ro\/en\/proiectare-pereti-cortina\/\" \/>\n<meta property=\"og:site_name\" content=\"MetalCAD Design\" \/>\n<meta property=\"article:modified_time\" content=\"2024-11-14T06:53:13+00:00\" \/>\n<meta name=\"twitter:card\" content=\"summary_large_image\" \/>\n<meta name=\"twitter:label1\" content=\"Est. reading time\" \/>\n\t<meta name=\"twitter:data1\" content=\"2 minutes\" \/>\n<script type=\"application\/ld+json\" class=\"yoast-schema-graph\">{\"@context\":\"https:\/\/schema.org\",\"@graph\":[{\"@type\":\"WebPage\",\"@id\":\"https:\/\/metalcad.ro\/proiectare-pereti-cortina\/\",\"url\":\"https:\/\/metalcad.ro\/proiectare-pereti-cortina\/\",\"name\":\"MetalCAD Design - Proiectare pere\u021bi cortin\u0103\",\"isPartOf\":{\"@id\":\"https:\/\/metalcad.ro\/#website\"},\"datePublished\":\"2024-11-14T06:41:23+00:00\",\"dateModified\":\"2024-11-14T06:53:13+00:00\",\"description\":\"Ob\u021bine\u021bi un design personalizat \u0219i eficient pentru fa\u021badele cl\u0103dirii dvs. cu serviciile noastre de proiectare pere\u021bi cortin\u0103.\",\"breadcrumb\":{\"@id\":\"https:\/\/metalcad.ro\/proiectare-pereti-cortina\/#breadcrumb\"},\"inLanguage\":\"en-US\",\"potentialAction\":[{\"@type\":\"ReadAction\",\"target\":[\"https:\/\/metalcad.ro\/proiectare-pereti-cortina\/\"]}]},{\"@type\":\"BreadcrumbList\",\"@id\":\"https:\/\/metalcad.ro\/proiectare-pereti-cortina\/#breadcrumb\",\"itemListElement\":[{\"@type\":\"ListItem\",\"position\":1,\"name\":\"Prima pagin\u0103\",\"item\":\"https:\/\/metalcad.ro\/\"},{\"@type\":\"ListItem\",\"position\":2,\"name\":\"Proiectare pere\u021bi cortin\u0103\"}]},{\"@type\":\"WebSite\",\"@id\":\"https:\/\/metalcad.ro\/#website\",\"url\":\"https:\/\/metalcad.ro\/\",\"name\":\"MetalCAD Design\",\"description\":\"Birou Proiectare Fa\u021bade\",\"publisher\":{\"@id\":\"https:\/\/metalcad.ro\/#organization\"},\"potentialAction\":[{\"@type\":\"SearchAction\",\"target\":{\"@type\":\"EntryPoint\",\"urlTemplate\":\"https:\/\/metalcad.ro\/?s={search_term_string}\"},\"query-input\":{\"@type\":\"PropertyValueSpecification\",\"valueRequired\":true,\"valueName\":\"search_term_string\"}}],\"inLanguage\":\"en-US\"},{\"@type\":\"Organization\",\"@id\":\"https:\/\/metalcad.ro\/#organization\",\"name\":\"MetalCAD Design\",\"url\":\"https:\/\/metalcad.ro\/\",\"logo\":{\"@type\":\"ImageObject\",\"inLanguage\":\"en-US\",\"@id\":\"https:\/\/metalcad.ro\/#\/schema\/logo\/image\/\",\"url\":\"https:\/\/metalcad.ro\/wp-content\/uploads\/2024\/10\/metalcad-high-resolution-logo-color-on-transparent-background-66x74-2.png\",\"contentUrl\":\"https:\/\/metalcad.ro\/wp-content\/uploads\/2024\/10\/metalcad-high-resolution-logo-color-on-transparent-background-66x74-2.png\",\"width\":66,\"height\":63,\"caption\":\"MetalCAD Design\"},\"image\":{\"@id\":\"https:\/\/metalcad.ro\/#\/schema\/logo\/image\/\"}}]}<\/script>\n<!-- \/ Yoast SEO plugin. -->","yoast_head_json":{"title":"MetalCAD Design - Proiectare pere\u021bi cortin\u0103","description":"Ob\u021bine\u021bi un design personalizat \u0219i eficient pentru fa\u021badele cl\u0103dirii dvs. cu serviciile noastre de proiectare pere\u021bi cortin\u0103.","robots":{"index":"index","follow":"follow","max-snippet":"max-snippet:-1","max-image-preview":"max-image-preview:large","max-video-preview":"max-video-preview:-1"},"canonical":"https:\/\/metalcad.ro\/en\/proiectare-pereti-cortina\/","og_locale":"en_US","og_type":"article","og_title":"MetalCAD Design - Proiectare pere\u021bi cortin\u0103","og_description":"Ob\u021bine\u021bi un design personalizat \u0219i eficient pentru fa\u021badele cl\u0103dirii dvs. cu serviciile noastre de proiectare pere\u021bi cortin\u0103.","og_url":"https:\/\/metalcad.ro\/en\/proiectare-pereti-cortina\/","og_site_name":"MetalCAD Design","article_modified_time":"2024-11-14T06:53:13+00:00","twitter_card":"summary_large_image","twitter_misc":{"Est. reading time":"2 minutes"},"schema":{"@context":"https:\/\/schema.org","@graph":[{"@type":"WebPage","@id":"https:\/\/metalcad.ro\/proiectare-pereti-cortina\/","url":"https:\/\/metalcad.ro\/proiectare-pereti-cortina\/","name":"MetalCAD Design - Proiectare pere\u021bi cortin\u0103","isPartOf":{"@id":"https:\/\/metalcad.ro\/#website"},"datePublished":"2024-11-14T06:41:23+00:00","dateModified":"2024-11-14T06:53:13+00:00","description":"Ob\u021bine\u021bi un design personalizat \u0219i eficient pentru fa\u021badele cl\u0103dirii dvs. cu serviciile noastre de proiectare pere\u021bi cortin\u0103.","breadcrumb":{"@id":"https:\/\/metalcad.ro\/proiectare-pereti-cortina\/#breadcrumb"},"inLanguage":"en-US","potentialAction":[{"@type":"ReadAction","target":["https:\/\/metalcad.ro\/proiectare-pereti-cortina\/"]}]},{"@type":"BreadcrumbList","@id":"https:\/\/metalcad.ro\/proiectare-pereti-cortina\/#breadcrumb","itemListElement":[{"@type":"ListItem","position":1,"name":"Prima pagin\u0103","item":"https:\/\/metalcad.ro\/"},{"@type":"ListItem","position":2,"name":"Proiectare pere\u021bi cortin\u0103"}]},{"@type":"WebSite","@id":"https:\/\/metalcad.ro\/#website","url":"https:\/\/metalcad.ro\/","name":"MetalCAD Design","description":"Birou Proiectare Fa\u021bade","publisher":{"@id":"https:\/\/metalcad.ro\/#organization"},"potentialAction":[{"@type":"SearchAction","target":{"@type":"EntryPoint","urlTemplate":"https:\/\/metalcad.ro\/?s={search_term_string}"},"query-input":{"@type":"PropertyValueSpecification","valueRequired":true,"valueName":"search_term_string"}}],"inLanguage":"en-US"},{"@type":"Organization","@id":"https:\/\/metalcad.ro\/#organization","name":"MetalCAD Design","url":"https:\/\/metalcad.ro\/","logo":{"@type":"ImageObject","inLanguage":"en-US","@id":"https:\/\/metalcad.ro\/#\/schema\/logo\/image\/","url":"https:\/\/metalcad.ro\/wp-content\/uploads\/2024\/10\/metalcad-high-resolution-logo-color-on-transparent-background-66x74-2.png","contentUrl":"https:\/\/metalcad.ro\/wp-content\/uploads\/2024\/10\/metalcad-high-resolution-logo-color-on-transparent-background-66x74-2.png","width":66,"height":63,"caption":"MetalCAD Design"},"image":{"@id":"https:\/\/metalcad.ro\/#\/schema\/logo\/image\/"}}]}},"_links":{"self":[{"href":"https:\/\/metalcad.ro\/en\/wp-json\/wp\/v2\/pages\/972","targetHints":{"allow":["GET"]}}],"collection":[{"href":"https:\/\/metalcad.ro\/en\/wp-json\/wp\/v2\/pages"}],"about":[{"href":"https:\/\/metalcad.ro\/en\/wp-json\/wp\/v2\/types\/page"}],"author":[{"embeddable":true,"href":"https:\/\/metalcad.ro\/en\/wp-json\/wp\/v2\/users\/1"}],"replies":[{"embeddable":true,"href":"https:\/\/metalcad.ro\/en\/wp-json\/wp\/v2\/comments?post=972"}],"version-history":[{"count":8,"href":"https:\/\/metalcad.ro\/en\/wp-json\/wp\/v2\/pages\/972\/revisions"}],"predecessor-version":[{"id":994,"href":"https:\/\/metalcad.ro\/en\/wp-json\/wp\/v2\/pages\/972\/revisions\/994"}],"wp:attachment":[{"href":"https:\/\/metalcad.ro\/en\/wp-json\/wp\/v2\/media?parent=972"}],"curies":[{"name":"wp","href":"https:\/\/api.w.org\/{rel}","templated":true}]}}