{"id":977,"date":"2024-11-14T06:46:58","date_gmt":"2024-11-14T06:46:58","guid":{"rendered":"https:\/\/metalcad.ro\/?page_id=977"},"modified":"2024-11-14T06:53:55","modified_gmt":"2024-11-14T06:53:55","slug":"proiectare-tamplarie-aluminiu","status":"publish","type":"page","link":"https:\/\/metalcad.ro\/en\/proiectare-tamplarie-aluminiu\/","title":{"rendered":"Proiectare t\u00e2mpl\u0103rie aluminiu"},"content":{"rendered":"<div data-elementor-type=\"wp-page\" data-elementor-id=\"977\" class=\"elementor elementor-977\" data-elementor-post-type=\"page\">\n\t\t\t\t<div class=\"elementor-element elementor-element-9408414 e-flex e-con-boxed e-con e-parent\" data-id=\"9408414\" data-element_type=\"container\" data-settings=\"{&quot;background_background&quot;:&quot;classic&quot;,&quot;_ob_use_container_extras&quot;:&quot;no&quot;,&quot;_ob_column_hoveranimator&quot;:&quot;no&quot;,&quot;_ob_glider_is_slider&quot;:&quot;no&quot;,&quot;_ob_column_has_pseudo&quot;:&quot;no&quot;}\">\n\t\t\t\t\t<div class=\"e-con-inner\">\n\t\t\t\t<div class=\"elementor-element elementor-element-3d88c80 ob-harakiri-inherit ob-has-background-overlay elementor-widget elementor-widget-heading\" data-id=\"3d88c80\" data-element_type=\"widget\" data-settings=\"{&quot;_ob_use_harakiri&quot;:&quot;yes&quot;,&quot;_ob_harakiri_writing_mode&quot;:&quot;inherit&quot;,&quot;_ob_harakiri_text_clip&quot;:&quot;none&quot;,&quot;_ob_perspektive_use&quot;:&quot;no&quot;,&quot;_ob_poopart_use&quot;:&quot;yes&quot;,&quot;_ob_shadough_use&quot;:&quot;no&quot;,&quot;_ob_allow_hoveranimator&quot;:&quot;no&quot;,&quot;_ob_widget_stalker_use&quot;:&quot;no&quot;}\" data-widget_type=\"heading.default\">\n\t\t\t\t<div class=\"elementor-widget-container\">\n\t\t\t<h1 class=\"elementor-heading-title elementor-size-default\">Proiectare T\u00e2mpl\u0103rie Aluminiu \u2013 Rezisten\u021b\u0103 \u0219i Eficien\u021b\u0103 pentru Proiectele de Construc\u021bii<\/h1>\t\t<\/div>\n\t\t\t\t<\/div>\n\t\t\t\t<div class=\"elementor-element elementor-element-72fc68e ob-harakiri-inherit ob-has-background-overlay elementor-widget elementor-widget-heading\" data-id=\"72fc68e\" data-element_type=\"widget\" data-settings=\"{&quot;_ob_use_harakiri&quot;:&quot;yes&quot;,&quot;_ob_harakiri_writing_mode&quot;:&quot;inherit&quot;,&quot;_ob_harakiri_text_clip&quot;:&quot;none&quot;,&quot;_ob_perspektive_use&quot;:&quot;no&quot;,&quot;_ob_poopart_use&quot;:&quot;yes&quot;,&quot;_ob_shadough_use&quot;:&quot;no&quot;,&quot;_ob_allow_hoveranimator&quot;:&quot;no&quot;,&quot;_ob_widget_stalker_use&quot;:&quot;no&quot;}\" data-widget_type=\"heading.default\">\n\t\t\t\t<div class=\"elementor-widget-container\">\n\t\t\t<h2 class=\"elementor-heading-title elementor-size-default\">Proiectare T\u00e2mpl\u0103rie Aluminiu de \u00cenalt\u0103 Calitate pentru Orice Tip de Cl\u0103dire<\/h2>\t\t<\/div>\n\t\t\t\t<\/div>\n\t\t\t\t<div class=\"elementor-element elementor-element-272ab90 elementor-widget__width-initial elementor-widget-tablet__width-inherit elementor-widget-mobile__width-inherit ob-harakiri-inherit ob-has-background-overlay elementor-widget elementor-widget-text-editor\" data-id=\"272ab90\" data-element_type=\"widget\" data-settings=\"{&quot;_ob_use_harakiri&quot;:&quot;yes&quot;,&quot;_ob_harakiri_writing_mode&quot;:&quot;inherit&quot;,&quot;_ob_postman_use&quot;:&quot;no&quot;,&quot;_ob_perspektive_use&quot;:&quot;no&quot;,&quot;_ob_poopart_use&quot;:&quot;yes&quot;,&quot;_ob_shadough_use&quot;:&quot;no&quot;,&quot;_ob_allow_hoveranimator&quot;:&quot;no&quot;,&quot;_ob_widget_stalker_use&quot;:&quot;no&quot;}\" data-widget_type=\"text-editor.default\">\n\t\t\t\t<div class=\"elementor-widget-container\">\n\t\t\t\t\t\t\t<p>T\u00e2mpl\u0103ria din aluminiu este alegerea ideal\u0103 pentru construc\u021biile moderne care necesit\u0103 durabilitate, stabilitate \u0219i estetic\u0103 contemporan\u0103. Oferim servicii de proiectare pentru t\u00e2mpl\u0103rie de aluminiu personalizat\u0103, adaptat\u0103 specifica\u021biilor fiec\u0103rei cl\u0103diri, asigur\u00e2ndu-ne c\u0103 aceasta se integreaz\u0103 perfect \u00een structura general\u0103 \u0219i ofer\u0103 protec\u021bie superioar\u0103 \u00eempotriva intemperiilor \u0219i pierderilor de energie.<\/p>\t\t\t\t\t\t<\/div>\n\t\t\t\t<\/div>\n\t\t<div class=\"elementor-element elementor-element-c113e95 e-con-full e-flex e-con e-child\" data-id=\"c113e95\" data-element_type=\"container\" data-settings=\"{&quot;_ob_use_container_extras&quot;:&quot;no&quot;,&quot;_ob_column_hoveranimator&quot;:&quot;no&quot;,&quot;_ob_glider_is_slider&quot;:&quot;no&quot;,&quot;_ob_column_has_pseudo&quot;:&quot;no&quot;}\">\n\t\t<div class=\"elementor-element elementor-element-3a2bf1e e-con-full e-flex e-con e-child\" data-id=\"3a2bf1e\" data-element_type=\"container\" data-settings=\"{&quot;background_background&quot;:&quot;classic&quot;,&quot;_ob_use_container_extras&quot;:&quot;no&quot;,&quot;_ob_column_hoveranimator&quot;:&quot;no&quot;,&quot;_ob_glider_is_slider&quot;:&quot;no&quot;,&quot;_ob_column_has_pseudo&quot;:&quot;no&quot;}\">\n\t\t\t\t<div class=\"elementor-element elementor-element-7cccdf0 ob-harakiri-inherit ob-has-background-overlay elementor-widget elementor-widget-heading\" data-id=\"7cccdf0\" data-element_type=\"widget\" data-settings=\"{&quot;_ob_use_harakiri&quot;:&quot;yes&quot;,&quot;_ob_harakiri_writing_mode&quot;:&quot;inherit&quot;,&quot;_ob_harakiri_text_clip&quot;:&quot;none&quot;,&quot;_ob_perspektive_use&quot;:&quot;no&quot;,&quot;_ob_poopart_use&quot;:&quot;yes&quot;,&quot;_ob_shadough_use&quot;:&quot;no&quot;,&quot;_ob_allow_hoveranimator&quot;:&quot;no&quot;,&quot;_ob_widget_stalker_use&quot;:&quot;no&quot;}\" data-widget_type=\"heading.default\">\n\t\t\t\t<div class=\"elementor-widget-container\">\n\t\t\t<h2 class=\"elementor-heading-title elementor-size-default\">Beneficiile Colabor\u0103rii cu Noi pentru Proiectarea de T\u00e2mpl\u0103rie Aluminiu<\/h2>\t\t<\/div>\n\t\t\t\t<\/div>\n\t\t\t\t<div class=\"elementor-element elementor-element-45a6e60 ob-harakiri-inherit ob-has-background-overlay elementor-widget elementor-widget-text-editor\" data-id=\"45a6e60\" data-element_type=\"widget\" data-settings=\"{&quot;_ob_use_harakiri&quot;:&quot;yes&quot;,&quot;_ob_harakiri_writing_mode&quot;:&quot;inherit&quot;,&quot;_ob_postman_use&quot;:&quot;no&quot;,&quot;_ob_perspektive_use&quot;:&quot;no&quot;,&quot;_ob_poopart_use&quot;:&quot;yes&quot;,&quot;_ob_shadough_use&quot;:&quot;no&quot;,&quot;_ob_allow_hoveranimator&quot;:&quot;no&quot;,&quot;_ob_widget_stalker_use&quot;:&quot;no&quot;}\" data-widget_type=\"text-editor.default\">\n\t\t\t\t<div class=\"elementor-widget-container\">\n\t\t\t\t\t\t\t<p>Avantajele de a alege echipa noastr\u0103:<\/p><ul><li><strong>Design adaptat cerin\u021belor cl\u0103dirii<\/strong> \u2013 Cre\u0103m t\u00e2mpl\u0103rie din aluminiu care se potrive\u0219te perfect cu stilul arhitectural al construc\u021biei.<\/li><li><strong>Eficien\u021b\u0103 termic\u0103 \u0219i fonic\u0103<\/strong> \u2013 Solu\u021biile noastre optimizeaz\u0103 izola\u021bia termic\u0103 \u0219i fonic\u0103, contribuind la confortul cl\u0103dirii.<\/li><li><strong>Durabilitate \u0219i rezisten\u021b\u0103 la coroziune<\/strong> \u2013 T\u00e2mpl\u0103ria din aluminiu ofer\u0103 o rezisten\u021b\u0103 de lung\u0103 durat\u0103, fiind potrivit\u0103 pentru orice tip de mediu.<\/li><li><strong>Execu\u021bie \u00een conformitate cu standardele<\/strong> \u2013 Ne asigur\u0103m c\u0103 fiecare proiect de t\u00e2mpl\u0103rie respect\u0103 cerin\u021bele de calitate \u0219i siguran\u021b\u0103 \u00een vigoare.<\/li><\/ul>\t\t\t\t\t\t<\/div>\n\t\t\t\t<\/div>\n\t\t\t\t<\/div>\n\t\t<div class=\"elementor-element elementor-element-f491f7c e-con-full e-flex e-con e-child\" data-id=\"f491f7c\" data-element_type=\"container\" data-settings=\"{&quot;background_background&quot;:&quot;classic&quot;,&quot;_ob_use_container_extras&quot;:&quot;no&quot;,&quot;_ob_column_hoveranimator&quot;:&quot;no&quot;,&quot;_ob_glider_is_slider&quot;:&quot;no&quot;,&quot;_ob_column_has_pseudo&quot;:&quot;no&quot;}\">\n\t\t\t\t<div class=\"elementor-element elementor-element-0a2452b ob-harakiri-inherit ob-has-background-overlay elementor-widget elementor-widget-heading\" data-id=\"0a2452b\" data-element_type=\"widget\" data-settings=\"{&quot;_ob_use_harakiri&quot;:&quot;yes&quot;,&quot;_ob_harakiri_writing_mode&quot;:&quot;inherit&quot;,&quot;_ob_harakiri_text_clip&quot;:&quot;none&quot;,&quot;_ob_perspektive_use&quot;:&quot;no&quot;,&quot;_ob_poopart_use&quot;:&quot;yes&quot;,&quot;_ob_shadough_use&quot;:&quot;no&quot;,&quot;_ob_allow_hoveranimator&quot;:&quot;no&quot;,&quot;_ob_widget_stalker_use&quot;:&quot;no&quot;}\" data-widget_type=\"heading.default\">\n\t\t\t\t<div class=\"elementor-widget-container\">\n\t\t\t<h2 class=\"elementor-heading-title elementor-size-default\">Etapele Procesului de Proiectare T\u00e2mpl\u0103rie Aluminiu<\/h2>\t\t<\/div>\n\t\t\t\t<\/div>\n\t\t\t\t<div class=\"elementor-element elementor-element-963688d ob-harakiri-inherit ob-has-background-overlay elementor-widget elementor-widget-text-editor\" data-id=\"963688d\" data-element_type=\"widget\" data-settings=\"{&quot;_ob_use_harakiri&quot;:&quot;yes&quot;,&quot;_ob_harakiri_writing_mode&quot;:&quot;inherit&quot;,&quot;_ob_postman_use&quot;:&quot;no&quot;,&quot;_ob_perspektive_use&quot;:&quot;no&quot;,&quot;_ob_poopart_use&quot;:&quot;yes&quot;,&quot;_ob_shadough_use&quot;:&quot;no&quot;,&quot;_ob_allow_hoveranimator&quot;:&quot;no&quot;,&quot;_ob_widget_stalker_use&quot;:&quot;no&quot;}\" data-widget_type=\"text-editor.default\">\n\t\t\t\t<div class=\"elementor-widget-container\">\n\t\t\t\t\t\t\t<ul><li><strong>Consultare ini\u021bial\u0103 \u0219i stabilirea cerin\u021belor<\/strong> \u2013 Identific\u0103m nevoile specifice ale proiectului dvs.<\/li><li><strong>Propunerea de solu\u021bii personalizate<\/strong> \u2013 Oferim op\u021biuni de design \u0219i configurare a t\u00e2mpl\u0103riei, cu recomand\u0103ri profesioniste.<\/li><li><strong>Proiectarea final\u0103 \u0219i implementarea<\/strong> \u2013 Colabor\u0103m cu echipa de execu\u021bie pentru implementarea solu\u021biei alese, asigur\u00e2ndu-ne de calitatea \u0219i func\u021bionalitatea produsului final.<\/li><\/ul>\t\t\t\t\t\t<\/div>\n\t\t\t\t<\/div>\n\t\t\t\t<\/div>\n\t\t\t\t<\/div>\n\t\t\t\t\t<\/div>\n\t\t\t\t<\/div>\n\t\t\t\t<\/div>","protected":false},"excerpt":{"rendered":"<p>Proiectare T\u00e2mpl\u0103rie Aluminiu \u2013 Rezisten\u021b\u0103 \u0219i Eficien\u021b\u0103 pentru Proiectele de Construc\u021bii Proiectare T\u00e2mpl\u0103rie Aluminiu de \u00cenalt\u0103 Calitate pentru Orice Tip [&hellip;]<\/p>","protected":false},"author":1,"featured_media":0,"parent":0,"menu_order":0,"comment_status":"closed","ping_status":"closed","template":"","meta":{"_acf_changed":false,"site-sidebar-layout":"no-sidebar","site-content-layout":"","ast-site-content-layout":"full-width-container","site-content-style":"default","site-sidebar-style":"default","ast-global-header-display":"","ast-banner-title-visibility":"","ast-main-header-display":"","ast-hfb-above-header-display":"","ast-hfb-below-header-display":"","ast-hfb-mobile-header-display":"","site-post-title":"disabled","ast-breadcrumbs-content":"","ast-featured-img":"disabled","footer-sml-layout":"","theme-transparent-header-meta":"","adv-header-id-meta":"","stick-header-meta":"","header-above-stick-meta":"","header-main-stick-meta":"","header-below-stick-meta":"","astra-migrate-meta-layouts":"default","ast-page-background-enabled":"default","ast-page-background-meta":{"desktop":{"background-color":"var(--ast-global-color-4)","background-image":"","background-repeat":"repeat","background-position":"center center","background-size":"auto","background-attachment":"scroll","background-type":"","background-media":"","overlay-type":"","overlay-color":"","overlay-opacity":"","overlay-gradient":""},"tablet":{"background-color":"","background-image":"","background-repeat":"repeat","background-position":"center center","background-size":"auto","background-attachment":"scroll","background-type":"","background-media":"","overlay-type":"","overlay-color":"","overlay-opacity":"","overlay-gradient":""},"mobile":{"background-color":"","background-image":"","background-repeat":"repeat","background-position":"center center","background-size":"auto","background-attachment":"scroll","background-type":"","background-media":"","overlay-type":"","overlay-color":"","overlay-opacity":"","overlay-gradient":""}},"ast-content-background-meta":{"desktop":{"background-color":"var(--ast-global-color-5)","background-image":"","background-repeat":"repeat","background-position":"center center","background-size":"auto","background-attachment":"scroll","background-type":"","background-media":"","overlay-type":"","overlay-color":"","overlay-opacity":"","overlay-gradient":""},"tablet":{"background-color":"var(--ast-global-color-5)","background-image":"","background-repeat":"repeat","background-position":"center center","background-size":"auto","background-attachment":"scroll","background-type":"","background-media":"","overlay-type":"","overlay-color":"","overlay-opacity":"","overlay-gradient":""},"mobile":{"background-color":"var(--ast-global-color-5)","background-image":"","background-repeat":"repeat","background-position":"center center","background-size":"auto","background-attachment":"scroll","background-type":"","background-media":"","overlay-type":"","overlay-color":"","overlay-opacity":"","overlay-gradient":""}},"footnotes":""},"class_list":["post-977","page","type-page","status-publish","hentry"],"acf":[],"yoast_head":"<!-- This site is optimized with the Yoast SEO plugin v23.7 - https:\/\/yoast.com\/wordpress\/plugins\/seo\/ -->\n<title>MetalCAD Design - Proiectare t\u00e2mpl\u0103rie aluminiu<\/title>\n<meta name=\"description\" content=\"Descoperi\u021bi solu\u021bii de t\u00e2mpl\u0103rie din aluminiu perfect adaptate nevoilor cl\u0103dirii dvs., cu un design durabil \u0219i eficient energetic.\" \/>\n<meta name=\"robots\" content=\"index, follow, max-snippet:-1, max-image-preview:large, max-video-preview:-1\" \/>\n<link rel=\"canonical\" href=\"https:\/\/metalcad.ro\/en\/proiectare-tamplarie-aluminiu\/\" \/>\n<meta property=\"og:locale\" content=\"en_US\" \/>\n<meta property=\"og:type\" content=\"article\" \/>\n<meta property=\"og:title\" content=\"MetalCAD Design - Proiectare t\u00e2mpl\u0103rie aluminiu\" \/>\n<meta property=\"og:description\" content=\"Descoperi\u021bi solu\u021bii de t\u00e2mpl\u0103rie din aluminiu perfect adaptate nevoilor cl\u0103dirii dvs., cu un design durabil \u0219i eficient energetic.\" \/>\n<meta property=\"og:url\" content=\"https:\/\/metalcad.ro\/en\/proiectare-tamplarie-aluminiu\/\" \/>\n<meta property=\"og:site_name\" content=\"MetalCAD Design\" \/>\n<meta property=\"article:modified_time\" content=\"2024-11-14T06:53:55+00:00\" \/>\n<meta name=\"twitter:card\" content=\"summary_large_image\" \/>\n<meta name=\"twitter:label1\" content=\"Est. reading time\" \/>\n\t<meta name=\"twitter:data1\" content=\"2 minutes\" \/>\n<script type=\"application\/ld+json\" class=\"yoast-schema-graph\">{\"@context\":\"https:\/\/schema.org\",\"@graph\":[{\"@type\":\"WebPage\",\"@id\":\"https:\/\/metalcad.ro\/proiectare-tamplarie-aluminiu\/\",\"url\":\"https:\/\/metalcad.ro\/proiectare-tamplarie-aluminiu\/\",\"name\":\"MetalCAD Design - Proiectare t\u00e2mpl\u0103rie aluminiu\",\"isPartOf\":{\"@id\":\"https:\/\/metalcad.ro\/#website\"},\"datePublished\":\"2024-11-14T06:46:58+00:00\",\"dateModified\":\"2024-11-14T06:53:55+00:00\",\"description\":\"Descoperi\u021bi solu\u021bii de t\u00e2mpl\u0103rie din aluminiu perfect adaptate nevoilor cl\u0103dirii dvs., cu un design durabil \u0219i eficient energetic.\",\"breadcrumb\":{\"@id\":\"https:\/\/metalcad.ro\/proiectare-tamplarie-aluminiu\/#breadcrumb\"},\"inLanguage\":\"en-US\",\"potentialAction\":[{\"@type\":\"ReadAction\",\"target\":[\"https:\/\/metalcad.ro\/proiectare-tamplarie-aluminiu\/\"]}]},{\"@type\":\"BreadcrumbList\",\"@id\":\"https:\/\/metalcad.ro\/proiectare-tamplarie-aluminiu\/#breadcrumb\",\"itemListElement\":[{\"@type\":\"ListItem\",\"position\":1,\"name\":\"Prima pagin\u0103\",\"item\":\"https:\/\/metalcad.ro\/\"},{\"@type\":\"ListItem\",\"position\":2,\"name\":\"Proiectare t\u00e2mpl\u0103rie aluminiu\"}]},{\"@type\":\"WebSite\",\"@id\":\"https:\/\/metalcad.ro\/#website\",\"url\":\"https:\/\/metalcad.ro\/\",\"name\":\"MetalCAD Design\",\"description\":\"Birou Proiectare Fa\u021bade\",\"publisher\":{\"@id\":\"https:\/\/metalcad.ro\/#organization\"},\"potentialAction\":[{\"@type\":\"SearchAction\",\"target\":{\"@type\":\"EntryPoint\",\"urlTemplate\":\"https:\/\/metalcad.ro\/?s={search_term_string}\"},\"query-input\":{\"@type\":\"PropertyValueSpecification\",\"valueRequired\":true,\"valueName\":\"search_term_string\"}}],\"inLanguage\":\"en-US\"},{\"@type\":\"Organization\",\"@id\":\"https:\/\/metalcad.ro\/#organization\",\"name\":\"MetalCAD Design\",\"url\":\"https:\/\/metalcad.ro\/\",\"logo\":{\"@type\":\"ImageObject\",\"inLanguage\":\"en-US\",\"@id\":\"https:\/\/metalcad.ro\/#\/schema\/logo\/image\/\",\"url\":\"https:\/\/metalcad.ro\/wp-content\/uploads\/2024\/10\/metalcad-high-resolution-logo-color-on-transparent-background-66x74-2.png\",\"contentUrl\":\"https:\/\/metalcad.ro\/wp-content\/uploads\/2024\/10\/metalcad-high-resolution-logo-color-on-transparent-background-66x74-2.png\",\"width\":66,\"height\":63,\"caption\":\"MetalCAD Design\"},\"image\":{\"@id\":\"https:\/\/metalcad.ro\/#\/schema\/logo\/image\/\"}}]}<\/script>\n<!-- \/ Yoast SEO plugin. -->","yoast_head_json":{"title":"MetalCAD Design - Proiectare t\u00e2mpl\u0103rie aluminiu","description":"Descoperi\u021bi solu\u021bii de t\u00e2mpl\u0103rie din aluminiu perfect adaptate nevoilor cl\u0103dirii dvs., cu un design durabil \u0219i eficient energetic.","robots":{"index":"index","follow":"follow","max-snippet":"max-snippet:-1","max-image-preview":"max-image-preview:large","max-video-preview":"max-video-preview:-1"},"canonical":"https:\/\/metalcad.ro\/en\/proiectare-tamplarie-aluminiu\/","og_locale":"en_US","og_type":"article","og_title":"MetalCAD Design - Proiectare t\u00e2mpl\u0103rie aluminiu","og_description":"Descoperi\u021bi solu\u021bii de t\u00e2mpl\u0103rie din aluminiu perfect adaptate nevoilor cl\u0103dirii dvs., cu un design durabil \u0219i eficient energetic.","og_url":"https:\/\/metalcad.ro\/en\/proiectare-tamplarie-aluminiu\/","og_site_name":"MetalCAD Design","article_modified_time":"2024-11-14T06:53:55+00:00","twitter_card":"summary_large_image","twitter_misc":{"Est. reading time":"2 minutes"},"schema":{"@context":"https:\/\/schema.org","@graph":[{"@type":"WebPage","@id":"https:\/\/metalcad.ro\/proiectare-tamplarie-aluminiu\/","url":"https:\/\/metalcad.ro\/proiectare-tamplarie-aluminiu\/","name":"MetalCAD Design - Proiectare t\u00e2mpl\u0103rie aluminiu","isPartOf":{"@id":"https:\/\/metalcad.ro\/#website"},"datePublished":"2024-11-14T06:46:58+00:00","dateModified":"2024-11-14T06:53:55+00:00","description":"Descoperi\u021bi solu\u021bii de t\u00e2mpl\u0103rie din aluminiu perfect adaptate nevoilor cl\u0103dirii dvs., cu un design durabil \u0219i eficient energetic.","breadcrumb":{"@id":"https:\/\/metalcad.ro\/proiectare-tamplarie-aluminiu\/#breadcrumb"},"inLanguage":"en-US","potentialAction":[{"@type":"ReadAction","target":["https:\/\/metalcad.ro\/proiectare-tamplarie-aluminiu\/"]}]},{"@type":"BreadcrumbList","@id":"https:\/\/metalcad.ro\/proiectare-tamplarie-aluminiu\/#breadcrumb","itemListElement":[{"@type":"ListItem","position":1,"name":"Prima pagin\u0103","item":"https:\/\/metalcad.ro\/"},{"@type":"ListItem","position":2,"name":"Proiectare t\u00e2mpl\u0103rie aluminiu"}]},{"@type":"WebSite","@id":"https:\/\/metalcad.ro\/#website","url":"https:\/\/metalcad.ro\/","name":"MetalCAD Design","description":"Birou Proiectare Fa\u021bade","publisher":{"@id":"https:\/\/metalcad.ro\/#organization"},"potentialAction":[{"@type":"SearchAction","target":{"@type":"EntryPoint","urlTemplate":"https:\/\/metalcad.ro\/?s={search_term_string}"},"query-input":{"@type":"PropertyValueSpecification","valueRequired":true,"valueName":"search_term_string"}}],"inLanguage":"en-US"},{"@type":"Organization","@id":"https:\/\/metalcad.ro\/#organization","name":"MetalCAD Design","url":"https:\/\/metalcad.ro\/","logo":{"@type":"ImageObject","inLanguage":"en-US","@id":"https:\/\/metalcad.ro\/#\/schema\/logo\/image\/","url":"https:\/\/metalcad.ro\/wp-content\/uploads\/2024\/10\/metalcad-high-resolution-logo-color-on-transparent-background-66x74-2.png","contentUrl":"https:\/\/metalcad.ro\/wp-content\/uploads\/2024\/10\/metalcad-high-resolution-logo-color-on-transparent-background-66x74-2.png","width":66,"height":63,"caption":"MetalCAD Design"},"image":{"@id":"https:\/\/metalcad.ro\/#\/schema\/logo\/image\/"}}]}},"_links":{"self":[{"href":"https:\/\/metalcad.ro\/en\/wp-json\/wp\/v2\/pages\/977","targetHints":{"allow":["GET"]}}],"collection":[{"href":"https:\/\/metalcad.ro\/en\/wp-json\/wp\/v2\/pages"}],"about":[{"href":"https:\/\/metalcad.ro\/en\/wp-json\/wp\/v2\/types\/page"}],"author":[{"embeddable":true,"href":"https:\/\/metalcad.ro\/en\/wp-json\/wp\/v2\/users\/1"}],"replies":[{"embeddable":true,"href":"https:\/\/metalcad.ro\/en\/wp-json\/wp\/v2\/comments?post=977"}],"version-history":[{"count":11,"href":"https:\/\/metalcad.ro\/en\/wp-json\/wp\/v2\/pages\/977\/revisions"}],"predecessor-version":[{"id":991,"href":"https:\/\/metalcad.ro\/en\/wp-json\/wp\/v2\/pages\/977\/revisions\/991"}],"wp:attachment":[{"href":"https:\/\/metalcad.ro\/en\/wp-json\/wp\/v2\/media?parent=977"}],"curies":[{"name":"wp","href":"https:\/\/api.w.org\/{rel}","templated":true}]}}